{"id":3094,"date":"2020-12-12T13:02:45","date_gmt":"2020-12-12T12:02:45","guid":{"rendered":"https:\/\/cpp.web.amu.edu.pl\/?page_id=3094"},"modified":"2020-12-12T13:02:45","modified_gmt":"2020-12-12T12:02:45","slug":"the-center-signed-a-contract-with-icsr-lab-international-center-for-the-study-of-research-a-cloud-based-computational-platform-by-elsevier","status":"publish","type":"page","link":"https:\/\/cpp.amu.edu.pl\/pl\/the-center-signed-a-contract-with-icsr-lab-international-center-for-the-study-of-research-a-cloud-based-computational-platform-by-elsevier\/","title":{"rendered":"Centrum podpisa\u0142o umow\u0119 z ICSR Lab (International Center for the Study of Research),  platform\u0119 komputacyjn\u0105 Elsevier opart\u0105 o chmur\u0119"},"content":{"rendered":"<p>The Center signed a contract with <strong>ICSR Lab (International Center for the Study of Research), a cloud-based computational platform.<\/strong><\/p>\n<p>Our research project is focused on <strong>international research collaboration and research productivity from a global perspective.<\/strong><\/p>\n<p>https:\/\/www.elsevier.com\/icsr\/icsrlab<\/p>\n<p>ICSR Lab is a cloud-based computational platform which enables you to analyze large structured datasets, including those that power Elsevier solutions such as Scopus and PlumX.<\/p>\n<p>For exploratory projects, replication studies or when developing new research metrics and indicators, ICSR Lab supports your scholarly research by giving access, at no cost, to powerful research metadata and metrics.<\/p>\n<p><img decoding=\"async\" loading=\"lazy\" class=\"alignnone size-full wp-image-3095\" src=\"https:\/\/cpp.web.amu.edu.pl\/wp-content\/uploads\/2020\/12\/indeksqq.jpg\" alt=\"\" width=\"291\" height=\"173\" srcset=\"https:\/\/cpp.amu.edu.pl\/wp-content\/uploads\/2020\/12\/indeksqq.jpg 291w, https:\/\/cpp.amu.edu.pl\/wp-content\/uploads\/2020\/12\/indeksqq-250x149.jpg 250w\" sizes=\"(max-width: 291px) 100vw, 291px\" \/><\/p>\n<p><img decoding=\"async\" loading=\"lazy\" class=\"alignnone size-medium wp-image-3096\" src=\"https:\/\/cpp.web.amu.edu.pl\/wp-content\/uploads\/2020\/12\/1200px-Elsevier_logo_2019.svg_-272x300.png\" alt=\"\" width=\"272\" height=\"300\" srcset=\"https:\/\/cpp.amu.edu.pl\/wp-content\/uploads\/2020\/12\/1200px-Elsevier_logo_2019.svg_-272x300.png 272w, https:\/\/cpp.amu.edu.pl\/wp-content\/uploads\/2020\/12\/1200px-Elsevier_logo_2019.svg_-768x847.png 768w, https:\/\/cpp.amu.edu.pl\/wp-content\/uploads\/2020\/12\/1200px-Elsevier_logo_2019.svg_-928x1024.png 928w, https:\/\/cpp.amu.edu.pl\/wp-content\/uploads\/2020\/12\/1200px-Elsevier_logo_2019.svg_-250x276.png 250w, https:\/\/cpp.amu.edu.pl\/wp-content\/uploads\/2020\/12\/1200px-Elsevier_logo_2019.svg_-550x607.png 550w, https:\/\/cpp.amu.edu.pl\/wp-content\/uploads\/2020\/12\/1200px-Elsevier_logo_2019.svg_-800x883.png 800w, https:\/\/cpp.amu.edu.pl\/wp-content\/uploads\/2020\/12\/1200px-Elsevier_logo_2019.svg_-163x180.png 163w, https:\/\/cpp.amu.edu.pl\/wp-content\/uploads\/2020\/12\/1200px-Elsevier_logo_2019.svg_-453x500.png 453w, https:\/\/cpp.amu.edu.pl\/wp-content\/uploads\/2020\/12\/1200px-Elsevier_logo_2019.svg_.png 1200w\" sizes=\"(max-width: 272px) 100vw, 272px\" \/><\/p>\n<p>&nbsp;<\/p>\n","protected":false},"excerpt":{"rendered":"<p>The Center signed a contract with ICSR Lab (International Center for the Study of Research), a cloud-based computational platform. Our research project is focused on international research collaboration and research productivity from a global perspective. https:\/\/www.elsevier.com\/icsr\/icsrlab ICSR Lab is a cloud-based computational platform which enables you to analyze large structured datasets, including those that power [&hellip;]<\/p>\n","protected":false},"author":2,"featured_media":3097,"parent":0,"menu_order":0,"comment_status":"closed","ping_status":"closed","template":"","meta":{"_mi_skip_tracking":false,"_links_to":"","_links_to_target":""},"categories":[34],"tags":[],"yoast_head":"<!-- This site is optimized with the Yoast SEO plugin v20.6 - https:\/\/yoast.com\/wordpress\/plugins\/seo\/ -->\n<title>Centrum podpisa\u0142o umow\u0119 z ICSR Lab (International Center for the Study of Research), platform\u0119 komputacyjn\u0105 Elsevier opart\u0105 o chmur\u0119<\/title>\n<meta name=\"robots\" content=\"index, follow, max-snippet:-1, max-image-preview:large, max-video-preview:-1\" \/>\n<link rel=\"canonical\" href=\"https:\/\/cpp.amu.edu.pl\/pl\/the-center-signed-a-contract-with-icsr-lab-international-center-for-the-study-of-research-a-cloud-based-computational-platform-by-elsevier\/\" \/>\n<meta property=\"og:locale\" content=\"pl_PL\" \/>\n<meta property=\"og:type\" content=\"article\" \/>\n<meta property=\"og:title\" content=\"Centrum podpisa\u0142o umow\u0119 z ICSR Lab (International Center for the Study of Research), platform\u0119 komputacyjn\u0105 Elsevier opart\u0105 o chmur\u0119\" \/>\n<meta property=\"og:description\" content=\"The Center signed a contract with ICSR Lab (International Center for the Study of Research), a cloud-based computational platform. Our research project is focused on international research collaboration and research productivity from a global perspective. https:\/\/www.elsevier.com\/icsr\/icsrlab ICSR Lab is a cloud-based computational platform which enables you to analyze large structured datasets, including those that power [&hellip;]\" \/>\n<meta property=\"og:url\" content=\"https:\/\/cpp.amu.edu.pl\/pl\/the-center-signed-a-contract-with-icsr-lab-international-center-for-the-study-of-research-a-cloud-based-computational-platform-by-elsevier\/\" \/>\n<meta property=\"og:site_name\" content=\"Center for Public Policy Studies\" \/>\n<meta property=\"og:image\" content=\"https:\/\/cpp.amu.edu.pl\/wp-content\/uploads\/2020\/12\/EmgKnV8W8AILh_2.png\" \/>\n\t<meta property=\"og:image:width\" content=\"770\" \/>\n\t<meta property=\"og:image:height\" content=\"429\" \/>\n\t<meta property=\"og:image:type\" content=\"image\/png\" \/>\n<meta name=\"twitter:card\" content=\"summary_large_image\" \/>\n<script type=\"application\/ld+json\" class=\"yoast-schema-graph\">{\"@context\":\"https:\/\/schema.org\",\"@graph\":[{\"@type\":\"WebPage\",\"@id\":\"https:\/\/cpp.amu.edu.pl\/pl\/the-center-signed-a-contract-with-icsr-lab-international-center-for-the-study-of-research-a-cloud-based-computational-platform-by-elsevier\/\",\"url\":\"https:\/\/cpp.amu.edu.pl\/pl\/the-center-signed-a-contract-with-icsr-lab-international-center-for-the-study-of-research-a-cloud-based-computational-platform-by-elsevier\/\",\"name\":\"Centrum podpisa\u0142o umow\u0119 z ICSR Lab (International Center for the Study of Research), platform\u0119 komputacyjn\u0105 Elsevier opart\u0105 o chmur\u0119\",\"isPartOf\":{\"@id\":\"https:\/\/cpp.amu.edu.pl\/#website\"},\"datePublished\":\"2020-12-12T12:02:45+00:00\",\"dateModified\":\"2020-12-12T12:02:45+00:00\",\"breadcrumb\":{\"@id\":\"https:\/\/cpp.amu.edu.pl\/pl\/the-center-signed-a-contract-with-icsr-lab-international-center-for-the-study-of-research-a-cloud-based-computational-platform-by-elsevier\/#breadcrumb\"},\"inLanguage\":\"pl-PL\",\"potentialAction\":[{\"@type\":\"ReadAction\",\"target\":[\"https:\/\/cpp.amu.edu.pl\/pl\/the-center-signed-a-contract-with-icsr-lab-international-center-for-the-study-of-research-a-cloud-based-computational-platform-by-elsevier\/\"]}]},{\"@type\":\"BreadcrumbList\",\"@id\":\"https:\/\/cpp.amu.edu.pl\/pl\/the-center-signed-a-contract-with-icsr-lab-international-center-for-the-study-of-research-a-cloud-based-computational-platform-by-elsevier\/#breadcrumb\",\"itemListElement\":[{\"@type\":\"ListItem\",\"position\":1,\"name\":\"Strona g\u0142\u00f3wna\",\"item\":\"https:\/\/cpp.amu.edu.pl\/\"},{\"@type\":\"ListItem\",\"position\":2,\"name\":\"Centrum podpisa\u0142o umow\u0119 z ICSR Lab (International Center for the Study of Research), platform\u0119 komputacyjn\u0105 Elsevier opart\u0105 o chmur\u0119\"}]},{\"@type\":\"WebSite\",\"@id\":\"https:\/\/cpp.amu.edu.pl\/#website\",\"url\":\"https:\/\/cpp.amu.edu.pl\/\",\"name\":\"Center for Public Policy Studies\",\"description\":\"Adam Mickiewicz University, Pozna\u0144, Poland\",\"publisher\":{\"@id\":\"https:\/\/cpp.amu.edu.pl\/#organization\"},\"potentialAction\":[{\"@type\":\"SearchAction\",\"target\":{\"@type\":\"EntryPoint\",\"urlTemplate\":\"https:\/\/cpp.amu.edu.pl\/?s={search_term_string}\"},\"query-input\":\"required name=search_term_string\"}],\"inLanguage\":\"pl-PL\"},{\"@type\":\"Organization\",\"@id\":\"https:\/\/cpp.amu.edu.pl\/#organization\",\"name\":\"Center for Public Policy Studies\",\"url\":\"https:\/\/cpp.amu.edu.pl\/\",\"logo\":{\"@type\":\"ImageObject\",\"inLanguage\":\"pl-PL\",\"@id\":\"https:\/\/cpp.amu.edu.pl\/#\/schema\/logo\/image\/\",\"url\":\"https:\/\/cpp.web.amu.edu.pl\/wp-content\/uploads\/2016\/10\/CPPS.png\",\"contentUrl\":\"https:\/\/cpp.web.amu.edu.pl\/wp-content\/uploads\/2016\/10\/CPPS.png\",\"width\":362,\"height\":96,\"caption\":\"Center for Public Policy Studies\"},\"image\":{\"@id\":\"https:\/\/cpp.amu.edu.pl\/#\/schema\/logo\/image\/\"}}]}<\/script>\n<!-- \/ Yoast SEO plugin. -->","yoast_head_json":{"title":"Centrum podpisa\u0142o umow\u0119 z ICSR Lab (International Center for the Study of Research), platform\u0119 komputacyjn\u0105 Elsevier opart\u0105 o chmur\u0119","robots":{"index":"index","follow":"follow","max-snippet":"max-snippet:-1","max-image-preview":"max-image-preview:large","max-video-preview":"max-video-preview:-1"},"canonical":"https:\/\/cpp.amu.edu.pl\/pl\/the-center-signed-a-contract-with-icsr-lab-international-center-for-the-study-of-research-a-cloud-based-computational-platform-by-elsevier\/","og_locale":"pl_PL","og_type":"article","og_title":"Centrum podpisa\u0142o umow\u0119 z ICSR Lab (International Center for the Study of Research), platform\u0119 komputacyjn\u0105 Elsevier opart\u0105 o chmur\u0119","og_description":"The Center signed a contract with ICSR Lab (International Center for the Study of Research), a cloud-based computational platform. Our research project is focused on international research collaboration and research productivity from a global perspective. https:\/\/www.elsevier.com\/icsr\/icsrlab ICSR Lab is a cloud-based computational platform which enables you to analyze large structured datasets, including those that power [&hellip;]","og_url":"https:\/\/cpp.amu.edu.pl\/pl\/the-center-signed-a-contract-with-icsr-lab-international-center-for-the-study-of-research-a-cloud-based-computational-platform-by-elsevier\/","og_site_name":"Center for Public Policy Studies","og_image":[{"width":770,"height":429,"url":"https:\/\/cpp.amu.edu.pl\/wp-content\/uploads\/2020\/12\/EmgKnV8W8AILh_2.png","type":"image\/png"}],"twitter_card":"summary_large_image","schema":{"@context":"https:\/\/schema.org","@graph":[{"@type":"WebPage","@id":"https:\/\/cpp.amu.edu.pl\/pl\/the-center-signed-a-contract-with-icsr-lab-international-center-for-the-study-of-research-a-cloud-based-computational-platform-by-elsevier\/","url":"https:\/\/cpp.amu.edu.pl\/pl\/the-center-signed-a-contract-with-icsr-lab-international-center-for-the-study-of-research-a-cloud-based-computational-platform-by-elsevier\/","name":"Centrum podpisa\u0142o umow\u0119 z ICSR Lab (International Center for the Study of Research), platform\u0119 komputacyjn\u0105 Elsevier opart\u0105 o chmur\u0119","isPartOf":{"@id":"https:\/\/cpp.amu.edu.pl\/#website"},"datePublished":"2020-12-12T12:02:45+00:00","dateModified":"2020-12-12T12:02:45+00:00","breadcrumb":{"@id":"https:\/\/cpp.amu.edu.pl\/pl\/the-center-signed-a-contract-with-icsr-lab-international-center-for-the-study-of-research-a-cloud-based-computational-platform-by-elsevier\/#breadcrumb"},"inLanguage":"pl-PL","potentialAction":[{"@type":"ReadAction","target":["https:\/\/cpp.amu.edu.pl\/pl\/the-center-signed-a-contract-with-icsr-lab-international-center-for-the-study-of-research-a-cloud-based-computational-platform-by-elsevier\/"]}]},{"@type":"BreadcrumbList","@id":"https:\/\/cpp.amu.edu.pl\/pl\/the-center-signed-a-contract-with-icsr-lab-international-center-for-the-study-of-research-a-cloud-based-computational-platform-by-elsevier\/#breadcrumb","itemListElement":[{"@type":"ListItem","position":1,"name":"Strona g\u0142\u00f3wna","item":"https:\/\/cpp.amu.edu.pl\/"},{"@type":"ListItem","position":2,"name":"Centrum podpisa\u0142o umow\u0119 z ICSR Lab (International Center for the Study of Research), platform\u0119 komputacyjn\u0105 Elsevier opart\u0105 o chmur\u0119"}]},{"@type":"WebSite","@id":"https:\/\/cpp.amu.edu.pl\/#website","url":"https:\/\/cpp.amu.edu.pl\/","name":"Center for Public Policy Studies","description":"Adam Mickiewicz University, Pozna\u0144, Poland","publisher":{"@id":"https:\/\/cpp.amu.edu.pl\/#organization"},"potentialAction":[{"@type":"SearchAction","target":{"@type":"EntryPoint","urlTemplate":"https:\/\/cpp.amu.edu.pl\/?s={search_term_string}"},"query-input":"required name=search_term_string"}],"inLanguage":"pl-PL"},{"@type":"Organization","@id":"https:\/\/cpp.amu.edu.pl\/#organization","name":"Center for Public Policy Studies","url":"https:\/\/cpp.amu.edu.pl\/","logo":{"@type":"ImageObject","inLanguage":"pl-PL","@id":"https:\/\/cpp.amu.edu.pl\/#\/schema\/logo\/image\/","url":"https:\/\/cpp.web.amu.edu.pl\/wp-content\/uploads\/2016\/10\/CPPS.png","contentUrl":"https:\/\/cpp.web.amu.edu.pl\/wp-content\/uploads\/2016\/10\/CPPS.png","width":362,"height":96,"caption":"Center for Public Policy Studies"},"image":{"@id":"https:\/\/cpp.amu.edu.pl\/#\/schema\/logo\/image\/"}}]}},"_links":{"self":[{"href":"https:\/\/cpp.amu.edu.pl\/pl\/wp-json\/wp\/v2\/pages\/3094"}],"collection":[{"href":"https:\/\/cpp.amu.edu.pl\/pl\/wp-json\/wp\/v2\/pages"}],"about":[{"href":"https:\/\/cpp.amu.edu.pl\/pl\/wp-json\/wp\/v2\/types\/page"}],"author":[{"embeddable":true,"href":"https:\/\/cpp.amu.edu.pl\/pl\/wp-json\/wp\/v2\/users\/2"}],"replies":[{"embeddable":true,"href":"https:\/\/cpp.amu.edu.pl\/pl\/wp-json\/wp\/v2\/comments?post=3094"}],"version-history":[{"count":0,"href":"https:\/\/cpp.amu.edu.pl\/pl\/wp-json\/wp\/v2\/pages\/3094\/revisions"}],"wp:featuredmedia":[{"embeddable":true,"href":"https:\/\/cpp.amu.edu.pl\/pl\/wp-json\/wp\/v2\/media\/3097"}],"wp:attachment":[{"href":"https:\/\/cpp.amu.edu.pl\/pl\/wp-json\/wp\/v2\/media?parent=3094"}],"wp:term":[{"taxonomy":"category","embeddable":true,"href":"https:\/\/cpp.amu.edu.pl\/pl\/wp-json\/wp\/v2\/categories?post=3094"},{"taxonomy":"post_tag","embeddable":true,"href":"https:\/\/cpp.amu.edu.pl\/pl\/wp-json\/wp\/v2\/tags?post=3094"}],"curies":[{"name":"wp","href":"https:\/\/api.w.org\/{rel}","templated":true}]}}